{"id":18,"date":"2025-05-03T00:43:55","date_gmt":"2025-05-02T22:43:55","guid":{"rendered":"https:\/\/smartpoint.nu\/?page_id=18"},"modified":"2025-08-28T22:11:38","modified_gmt":"2025-08-28T20:11:38","slug":"front-page","status":"publish","type":"page","link":"https:\/\/smartpoint.nu\/","title":{"rendered":"Smartpoint"},"content":{"rendered":"\n<div class=\"wp-block-group alignfull has-global-padding is-layout-constrained wp-container-core-group-is-layout-0c9c989a wp-block-group-is-layout-constrained\" style=\"min-height:0vh;margin-top:0;margin-bottom:0;padding-top:var(--wp--preset--spacing--70);padding-right:var(--wp--preset--spacing--40);padding-bottom:var(--wp--preset--spacing--70);padding-left:var(--wp--preset--spacing--40)\">\n<div class=\"wp-block-group has-global-padding is-layout-constrained wp-container-core-group-is-layout-346627ba wp-block-group-is-layout-constrained\">\n<h2 class=\"wp-block-heading has-text-align-center has-xx-large-font-size\" style=\"margin-right:0;margin-left:0;padding-right:0;padding-left:0\">Data om dine kunder, g\u00e6ster og brugere \u2013 gjort enkelt<\/h2>\n\n\n\n<p class=\"has-text-align-center\">&#8220;Hvor mange kommer hos jer? Hvor l\u00e6nge er de der? Hvor mange af dem er kvinder? Hvor mange er under 30 \u00e5r? <br>Hvor opholder de sig i l\u00e6ngst tid?&#8221;<br><br>T\u00e6nk engang, hvis du vidste alt det \u2013 og hvor meget du kunne optimere med den viden.<\/p>\n\n\n\n<p class=\"has-text-align-center\">Det kan vi hj\u00e6lpe dig med.<\/p>\n\n\n\n<div class=\"wp-block-buttons is-content-justification-center is-layout-flex wp-container-core-buttons-is-layout-a89b3969 wp-block-buttons-is-layout-flex\">\n<div class=\"wp-block-button\"><a class=\"wp-block-button__link has-background wp-element-button\" href=\"https:\/\/smartpoint.nu\/?page_id=24\" style=\"background-color:#287777\">Se hvordan det virker<\/a><\/div>\n<\/div>\n<\/div>\n<\/div>\n\n\n\n<div class=\"wp-block-group alignfull is-style-section-1 has-background has-global-padding is-layout-constrained wp-block-group-is-layout-constrained is-style-section-1--1\" style=\"background-color:#29787882;margin-top:0;margin-bottom:0;padding-top:var(--wp--preset--spacing--80);padding-bottom:var(--wp--preset--spacing--80)\">\n<div class=\"wp-block-columns alignwide is-layout-flex wp-container-core-columns-is-layout-66fad18a wp-block-columns-is-layout-flex\">\n<div class=\"wp-block-column is-layout-flow wp-block-column-is-layout-flow\" style=\"padding-right:var(--wp--preset--spacing--50);flex-basis:47.36%\">\n<div class=\"wp-block-group has-global-padding is-layout-constrained wp-block-group-is-layout-constrained\" style=\"margin-top:-12vw\">\n<div style=\"height:201px\" aria-hidden=\"true\" class=\"wp-block-spacer\"><\/div>\n\n\n\n<figure class=\"wp-block-image alignright size-full is-resized\" style=\"margin-right:-5vw;margin-left:-5vw\"><img loading=\"lazy\" decoding=\"async\" width=\"2560\" height=\"1697\" src=\"https:\/\/smartpoint.nu\/wp-content\/uploads\/2025\/05\/minh-copfn37mvEA-unsplash-scaled.jpg\" alt=\"\" class=\"wp-image-55\" style=\"aspect-ratio:1;object-fit:cover\" srcset=\"https:\/\/smartpoint.nu\/wp-content\/uploads\/2025\/05\/minh-copfn37mvEA-unsplash-scaled.jpg 2560w, https:\/\/smartpoint.nu\/wp-content\/uploads\/2025\/05\/minh-copfn37mvEA-unsplash-300x199.jpg 300w, https:\/\/smartpoint.nu\/wp-content\/uploads\/2025\/05\/minh-copfn37mvEA-unsplash-1024x679.jpg 1024w, https:\/\/smartpoint.nu\/wp-content\/uploads\/2025\/05\/minh-copfn37mvEA-unsplash-768x509.jpg 768w, https:\/\/smartpoint.nu\/wp-content\/uploads\/2025\/05\/minh-copfn37mvEA-unsplash-1536x1018.jpg 1536w, https:\/\/smartpoint.nu\/wp-content\/uploads\/2025\/05\/minh-copfn37mvEA-unsplash-2048x1358.jpg 2048w\" sizes=\"auto, (max-width: 2560px) 100vw, 2560px\" \/><\/figure>\n<\/div>\n<\/div>\n\n\n\n<div class=\"wp-block-column is-vertically-aligned-center is-layout-flow wp-block-column-is-layout-flow\" style=\"padding-right:0;padding-left:0;flex-basis:52.64%\">\n<div class=\"wp-block-group is-vertical is-layout-flex wp-container-core-group-is-layout-fe9cc265 wp-block-group-is-layout-flex\">\n<h2 class=\"wp-block-heading is-style-text-annotation is-style-text-annotation--2\">Om Smartpoint<\/h2>\n<\/div>\n\n\n\n<p class=\"is-style-default\" style=\"font-size:clamp(15.747px, 0.984rem + ((1vw - 3.2px) * 0.809), 24px);\"><strong>Indblik i dine bes\u00f8gende \u2013 gjort enkelt<\/strong><br>Smartpoint hj\u00e6lper dig med at forst\u00e5, hvem der opholder sig i dine lokaler. Vores system registrerer anonymt, hvorn\u00e5r folk ankommer, hvor l\u00e6nge de bliver, og hvordan de bev\u00e6ger sig i rummet. Du f\u00e5r data om bes\u00f8gstal, opholdstid og kapacitetsudnyttelse, som g\u00f8r det nemmere at planl\u00e6gge bemanding, optimere kundeoplevelser og tr\u00e6ffe bedre beslutninger.<\/p>\n\n\n\n<div style=\"height:45px\" aria-hidden=\"true\" class=\"wp-block-spacer\"><\/div>\n\n\n\n<p class=\"is-style-default\" style=\"font-size:clamp(15.747px, 0.984rem + ((1vw - 3.2px) * 0.809), 24px);\"><strong>Hvordan det virker<\/strong><br>Vi anvender avancerede sensorer og AI-teknologi til at analysere bev\u00e6gelsesm\u00f8nstre \u2013 helt uden at g\u00e5 p\u00e5 kompromis med privatlivets fred. Al data indsamles anonymt og kan vises i fx Power BI, s\u00e5 du f\u00e5r indsigt i realtid.<\/p>\n<\/div>\n<\/div>\n<\/div>\n\n\n\n<div class=\"wp-block-group alignfull has-global-padding is-layout-constrained wp-container-core-group-is-layout-ebee8dc1 wp-block-group-is-layout-constrained\" style=\"margin-top:0;margin-bottom:0;padding-top:var(--wp--preset--spacing--50);padding-bottom:var(--wp--preset--spacing--50)\">\n<div style=\"height:50px\" aria-hidden=\"true\" class=\"wp-block-spacer\"><\/div>\n\n\n\n<h2 class=\"wp-block-heading alignwide\">F\u00e5 indsigt i dine bes\u00f8gende \u2013 enkelt og effektivt<\/h2>\n\n\n\n<div class=\"wp-block-columns alignwide is-layout-flex wp-container-core-columns-is-layout-28f84493 wp-block-columns-is-layout-flex\">\n<div class=\"wp-block-column is-layout-flow wp-block-column-is-layout-flow\">\n<figure class=\"wp-block-image size-full\" style=\"margin-bottom:24px\"><img loading=\"lazy\" decoding=\"async\" width=\"1920\" height=\"1080\" src=\"https:\/\/smartpoint.nu\/wp-content\/uploads\/2025\/05\/Besogstal-4.png\" alt=\"\" class=\"wp-image-141\" style=\"aspect-ratio:4\/3;object-fit:cover\" srcset=\"https:\/\/smartpoint.nu\/wp-content\/uploads\/2025\/05\/Besogstal-4.png 1920w, https:\/\/smartpoint.nu\/wp-content\/uploads\/2025\/05\/Besogstal-4-300x169.png 300w, https:\/\/smartpoint.nu\/wp-content\/uploads\/2025\/05\/Besogstal-4-1024x576.png 1024w, https:\/\/smartpoint.nu\/wp-content\/uploads\/2025\/05\/Besogstal-4-768x432.png 768w, https:\/\/smartpoint.nu\/wp-content\/uploads\/2025\/05\/Besogstal-4-1536x864.png 1536w\" sizes=\"auto, (max-width: 1920px) 100vw, 1920px\" \/><\/figure>\n\n\n\n<h3 class=\"wp-block-heading\">Bes\u00f8gsantal<\/h3>\n\n\n\n<p class=\"has-medium-font-size\">Hold styr p\u00e5, hvor mange mennesker der bes\u00f8ger dine lokaler \u2013 dagligt, ugentligt eller i realtid. Du f\u00e5r et tydeligt overblik over flowet ind og ud af stedet, s\u00e5 du kan planl\u00e6gge bemanding, vurdere kapacitet og analysere travle perioder. Perfekt til dig, der har brug for l\u00f8bende indsigt i bes\u00f8gsm\u00f8nstre.<\/p>\n<\/div>\n\n\n\n<div class=\"wp-block-column is-layout-flow wp-block-column-is-layout-flow\">\n<figure class=\"wp-block-image size-full\" style=\"margin-bottom:24px\"><img loading=\"lazy\" decoding=\"async\" width=\"1920\" height=\"1080\" src=\"https:\/\/smartpoint.nu\/wp-content\/uploads\/2025\/05\/Opholdtid-og-bevaegelse.png\" alt=\"\" class=\"wp-image-71\" style=\"aspect-ratio:4\/3;object-fit:cover\" srcset=\"https:\/\/smartpoint.nu\/wp-content\/uploads\/2025\/05\/Opholdtid-og-bevaegelse.png 1920w, https:\/\/smartpoint.nu\/wp-content\/uploads\/2025\/05\/Opholdtid-og-bevaegelse-300x169.png 300w, https:\/\/smartpoint.nu\/wp-content\/uploads\/2025\/05\/Opholdtid-og-bevaegelse-1024x576.png 1024w, https:\/\/smartpoint.nu\/wp-content\/uploads\/2025\/05\/Opholdtid-og-bevaegelse-768x432.png 768w, https:\/\/smartpoint.nu\/wp-content\/uploads\/2025\/05\/Opholdtid-og-bevaegelse-1536x864.png 1536w\" sizes=\"auto, (max-width: 1920px) 100vw, 1920px\" \/><\/figure>\n\n\n\n<h3 class=\"wp-block-heading\">Opholdstid og bev\u00e6gelse<\/h3>\n\n\n\n<p class=\"has-medium-font-size\">F\u00e5 indsigt i, hvor l\u00e6nge folk opholder sig, og hvordan de bev\u00e6ger sig rundt i dine lokaler. Systemet giver dig mulighed for at identificere popul\u00e6re omr\u00e5der, flaskehalse og zoner med lav aktivitet. Det hj\u00e6lper dig med at optimere indretning, flow og brugeroplevelse \u2013 uanset om du driver butik, event eller offentligt rum.<\/p>\n<\/div>\n\n\n\n<div class=\"wp-block-column is-layout-flow wp-block-column-is-layout-flow\">\n<figure class=\"wp-block-image size-full\" style=\"margin-bottom:24px\"><img loading=\"lazy\" decoding=\"async\" width=\"1920\" height=\"1080\" src=\"https:\/\/smartpoint.nu\/wp-content\/uploads\/2025\/05\/Kon-og-alder.png\" alt=\"\" class=\"wp-image-73\" style=\"aspect-ratio:4\/3;object-fit:cover\" srcset=\"https:\/\/smartpoint.nu\/wp-content\/uploads\/2025\/05\/Kon-og-alder.png 1920w, https:\/\/smartpoint.nu\/wp-content\/uploads\/2025\/05\/Kon-og-alder-300x169.png 300w, https:\/\/smartpoint.nu\/wp-content\/uploads\/2025\/05\/Kon-og-alder-1024x576.png 1024w, https:\/\/smartpoint.nu\/wp-content\/uploads\/2025\/05\/Kon-og-alder-768x432.png 768w, https:\/\/smartpoint.nu\/wp-content\/uploads\/2025\/05\/Kon-og-alder-1536x864.png 1536w\" sizes=\"auto, (max-width: 1920px) 100vw, 1920px\" \/><\/figure>\n\n\n\n<h3 class=\"wp-block-heading\">K\u00f8n og alder<\/h3>\n\n\n\n<p class=\"has-medium-font-size\">F\u00e5 overblik over, hvordan dine bes\u00f8gende fordeler sig p\u00e5 k\u00f8n og alder \u2013 helt anonymt og sikkert. Den demografiske indsigt g\u00f8r det muligt at tilpasse dine tilbud, markedsf\u00f8ring og services, s\u00e5 de matcher din m\u00e5lgruppe bedre. Du f\u00e5r et st\u00e6rkt grundlag for b\u00e5de strategi og daglig drift.<\/p>\n<\/div>\n<\/div>\n<\/div>\n\n\n\n<div class=\"wp-block-group alignfull has-global-padding is-layout-constrained wp-block-group-is-layout-constrained\" style=\"margin-top:0;margin-bottom:0;padding-top:var(--wp--preset--spacing--60);padding-bottom:var(--wp--preset--spacing--60)\">\n<div class=\"wp-block-columns alignwide are-vertically-aligned-center is-layout-flex wp-container-core-columns-is-layout-74b2cda3 wp-block-columns-is-layout-flex\">\n<div class=\"wp-block-column is-vertically-aligned-center is-layout-flow wp-block-column-is-layout-flow\">\n<div class=\"wp-block-group is-vertical is-content-justification-left is-layout-flex wp-container-core-group-is-layout-7ce391b6 wp-block-group-is-layout-flex\" style=\"min-height:100%\">\n<h2 class=\"wp-block-heading is-style-text-annotation has-x-small-font-size is-style-text-annotation--3\">Hvad siger kunder og samarbejdspartnere<\/h2>\n\n\n\n<blockquote class=\"wp-block-quote is-style-plain has-x-large-font-size is-layout-flow wp-container-core-quote-is-layout-5dafc681 wp-block-quote-is-layout-flow is-style-plain--4\" style=\"font-style:normal;font-weight:400\">\n<div class=\"wp-block-group has-global-padding is-content-justification-left is-layout-constrained wp-container-core-group-is-layout-085bd3d9 wp-block-group-is-layout-constrained\" style=\"margin-top:0;margin-bottom:0;padding-top:0;padding-right:0;padding-bottom:0;padding-left:0\">\n<p style=\"font-size:clamp(1.453rem, 1.453rem + ((1vw - 0.2rem) * 1.485), 2.4rem);\">\u201cDet er interessant at f\u00e5 indsigt i hvor mange brugere vi egentligt har i huset. Den viden bruger vi nu strategisk\u201d<\/p>\n<\/div>\n<cite>Anders S\u00f8rensen<br>Udviklingskonsulent<\/cite><\/blockquote>\n<\/div>\n<\/div>\n\n\n\n<div class=\"wp-block-column is-vertically-aligned-center has-global-padding is-content-justification-center is-layout-constrained wp-container-core-column-is-layout-60e04bea wp-block-column-is-layout-constrained\" style=\"padding-top:0;padding-right:0;padding-bottom:0;padding-left:0\">\n<figure class=\"wp-block-gallery aligncenter has-nested-images columns-default wp-block-gallery-5 is-layout-flex wp-block-gallery-is-layout-flex\" style=\"padding-top:0;padding-bottom:0\">\n<figure class=\"wp-block-image aligncenter size-thumbnail\" style=\"margin-top:var(--wp--preset--spacing--20);margin-right:var(--wp--preset--spacing--20);margin-bottom:var(--wp--preset--spacing--20);margin-left:var(--wp--preset--spacing--20)\"><img loading=\"lazy\" decoding=\"async\" width=\"150\" height=\"150\" data-id=\"319\" src=\"https:\/\/smartpoint.nu\/wp-content\/uploads\/2025\/05\/OIP-150x150.jpg\" alt=\"\" class=\"wp-image-319\" srcset=\"https:\/\/smartpoint.nu\/wp-content\/uploads\/2025\/05\/OIP-150x150.jpg 150w, https:\/\/smartpoint.nu\/wp-content\/uploads\/2025\/05\/OIP-300x300.jpg 300w, https:\/\/smartpoint.nu\/wp-content\/uploads\/2025\/05\/OIP.jpg 474w\" sizes=\"auto, (max-width: 150px) 100vw, 150px\" \/><\/figure>\n<\/figure>\n<\/div>\n<\/div>\n<\/div>\n\n\n\n<aside class=\"wp-block-group alignfull is-style-section-3 has-background has-global-padding is-layout-constrained wp-container-core-group-is-layout-f0f2a97b wp-block-group-is-layout-constrained is-style-section-3--6\" style=\"background-color:#40bfbc;margin-top:0;margin-bottom:0;padding-top:var(--wp--preset--spacing--50);padding-right:var(--wp--preset--spacing--50);padding-bottom:var(--wp--preset--spacing--50);padding-left:var(--wp--preset--spacing--50)\">\n<div class=\"wp-block-group is-vertical is-content-justification-center is-layout-flex wp-container-core-group-is-layout-8778ca4a wp-block-group-is-layout-flex\" style=\"min-height:360px;margin-top:0;margin-bottom:0\">\n<h2 class=\"wp-block-heading has-text-align-center\" style=\"font-size:clamp(1.6rem, 1.6rem + ((1vw - 0.2rem) * 1.725), 2.7rem);\">Har du sp\u00f8rgsm\u00e5l eller vil du vide mere?<\/h2>\n\n\n\n<p class=\"has-text-align-center is-style-text-subtitle is-style-text-subtitle--7\">Kontakt os for en uforpligtende snak om, hvordan Smartpoint kan give dig indsigt i dine bes\u00f8gende.<\/p>\n\n\n\n<div style=\"height:0px\" aria-hidden=\"true\" class=\"wp-block-spacer wp-container-content-62aae154\"><\/div>\n\n\n\n<div class=\"wp-block-buttons is-content-justification-center is-layout-flex wp-container-core-buttons-is-layout-a89b3969 wp-block-buttons-is-layout-flex\">\n<div class=\"wp-block-button\"><a class=\"wp-block-button__link has-text-align-center wp-element-button\" href=\"https:\/\/smartpoint.nu\/?page_id=28\">Kontakt os<\/a><\/div>\n<\/div>\n<\/div>\n<\/aside>\n","protected":false},"excerpt":{"rendered":"<p>Data om dine kunder, g\u00e6ster og brugere \u2013 gjort enkelt &#8220;Hvor mange kommer hos jer? Hvor l\u00e6nge er de der? Hvor mange af dem er kvinder? Hvor mange er under 30 \u00e5r? Hvor opholder de sig i l\u00e6ngst tid?&#8221; T\u00e6nk engang, hvis du vidste alt det \u2013 og hvor meget du kunne optimere med den [&hellip;]<\/p>\n","protected":false},"author":2,"featured_media":0,"parent":0,"menu_order":0,"comment_status":"closed","ping_status":"closed","template":"page-no-title","meta":{"footnotes":""},"class_list":["post-18","page","type-page","status-publish","hentry"],"_links":{"self":[{"href":"https:\/\/smartpoint.nu\/index.php?rest_route=\/wp\/v2\/pages\/18","targetHints":{"allow":["GET"]}}],"collection":[{"href":"https:\/\/smartpoint.nu\/index.php?rest_route=\/wp\/v2\/pages"}],"about":[{"href":"https:\/\/smartpoint.nu\/index.php?rest_route=\/wp\/v2\/types\/page"}],"author":[{"embeddable":true,"href":"https:\/\/smartpoint.nu\/index.php?rest_route=\/wp\/v2\/users\/2"}],"replies":[{"embeddable":true,"href":"https:\/\/smartpoint.nu\/index.php?rest_route=%2Fwp%2Fv2%2Fcomments&post=18"}],"version-history":[{"count":50,"href":"https:\/\/smartpoint.nu\/index.php?rest_route=\/wp\/v2\/pages\/18\/revisions"}],"predecessor-version":[{"id":392,"href":"https:\/\/smartpoint.nu\/index.php?rest_route=\/wp\/v2\/pages\/18\/revisions\/392"}],"wp:attachment":[{"href":"https:\/\/smartpoint.nu\/index.php?rest_route=%2Fwp%2Fv2%2Fmedia&parent=18"}],"curies":[{"name":"wp","href":"https:\/\/api.w.org\/{rel}","templated":true}]}}